{"id":3008,"date":"2020-02-14T18:39:04","date_gmt":"2020-02-14T15:39:04","guid":{"rendered":"https:\/\/www.conloop.com\/avn\/?page_id=3008"},"modified":"2020-02-14T18:42:08","modified_gmt":"2020-02-14T15:42:08","slug":"contact","status":"publish","type":"page","link":"https:\/\/www.avnyapi.com.tr\/en\/contact\/","title":{"rendered":"Contact"},"content":{"rendered":"<p>[vc_row][vc_column width=&#8221;1\/3&#8243;][vc_custom_heading text=&#8221;<b>Effective<\/b><br \/>\nWorking Culture&#8221; font_container=&#8221;tag:h4|text_align:center|line_height:32px&#8221; use_theme_fonts=&#8221;yes&#8221; css=&#8221;.vc_custom_1581694908162{padding-bottom: 50px !important;}&#8221; el_class=&#8221;iletisim-slogan&#8221;][vc_empty_space height=&#8221;10px&#8221;][\/vc_column][vc_column width=&#8221;1\/3&#8243;][vc_custom_heading text=&#8221;<b>Analytical<\/b><br \/>\nWorking Monitoring System&#8221; font_container=&#8221;tag:h4|text_align:center|line_height:32px&#8221; use_theme_fonts=&#8221;yes&#8221; css=&#8221;.vc_custom_1581694916661{padding-bottom: 50px !important;}&#8221; el_class=&#8221;iletisim-slogan&#8221;][vc_empty_space height=&#8221;10px&#8221;][\/vc_column][vc_column width=&#8221;1\/3&#8243;][vc_custom_heading text=&#8221;<b>Solution<\/b><br \/>\nOriented Action&#8221; font_container=&#8221;tag:h4|text_align:center|line_height:32px&#8221; use_theme_fonts=&#8221;yes&#8221; css=&#8221;.vc_custom_1581694924170{padding-bottom: 50px !important;}&#8221; el_class=&#8221;iletisim-slogan&#8221;][vc_empty_space height=&#8221;10px&#8221;][\/vc_column][\/vc_row][vc_row el_class=&#8221;lh-24&#8243; css=&#8221;.vc_custom_1578050114245{margin-top: -90px !important;padding-top: 20px !important;padding-bottom: 20px !important;}&#8221;][vc_column width=&#8221;1\/3&#8243; css=&#8221;.vc_custom_1578049946545{margin-top: 40px !important;}&#8221;][vc_single_image image=&#8221;2167&#8243; img_size=&#8221;full&#8221; alignment=&#8221;center&#8221; onclick=&#8221;custom_link&#8221; css=&#8221;.vc_custom_1581370157696{margin-top: -1px !important;margin-bottom: 30px !important;}&#8221; link=&#8221;mailto:info@avnyapi.com.tr&#8221;][vc_custom_heading text=&#8221;E-Mail&#8221; font_container=&#8221;tag:h5|text_align:center&#8221; use_theme_fonts=&#8221;yes&#8221; css=&#8221;.vc_custom_1581694426005{margin-top: 1px !important;margin-bottom: 10px !important;}&#8221; link=&#8221;url:mailto%3Ainfo%40avnyapi.com.tr|||&#8221;][vc_column_text]<\/p>\n<p style=\"text-align: center;\"><a style=\"color: #999494;\" href=\"mailto:info@avnyapi.com.tr\">info@avnyapi.com.tr<\/a><\/p>\n<p>[\/vc_column_text][\/vc_column][vc_column width=&#8221;1\/3&#8243; css=&#8221;.vc_custom_1581368025740{margin-top: 40px !important;}&#8221;][vc_single_image image=&#8221;2169&#8243; img_size=&#8221;full&#8221; alignment=&#8221;center&#8221; onclick=&#8221;custom_link&#8221; css=&#8221;.vc_custom_1581368050521{margin-top: -10px !important;margin-bottom: 25px !important;}&#8221; link=&#8221;tel:02164613686&#8243;][vc_custom_heading text=&#8221;Phone&#8221; font_container=&#8221;tag:h5|text_align:center&#8221; use_theme_fonts=&#8221;yes&#8221; css=&#8221;.vc_custom_1581694431900{margin-bottom: 10px !important;}&#8221; link=&#8221;url:tel%3A02164613686|||&#8221;][vc_column_text]<\/p>\n<p style=\"text-align: center;\"><a style=\"color: #999494;\" href=\"tel:02164613686\">+90 (216) 461 36 86 (Pbx)<\/a><\/p>\n<p style=\"text-align: center;\"><strong>Fax<\/strong>:\u00a0 0(850) 223 69 17<\/p>\n<p>[\/vc_column_text][\/vc_column][vc_column width=&#8221;1\/3&#8243; css=&#8221;.vc_custom_1578049932480{margin-top: 40px !important;}&#8221;][vc_single_image image=&#8221;2171&#8243; img_size=&#8221;full&#8221; alignment=&#8221;center&#8221; onclick=&#8221;custom_link&#8221; img_link_target=&#8221;_blank&#8221; css=&#8221;.vc_custom_1576529627984{margin-top: -10px !important;margin-bottom: 25px !important;}&#8221; link=&#8221;https:\/\/goo.gl\/maps\/ruCM8BpLJM8fns7R8&#8243;][vc_custom_heading text=&#8221;Address&#8221; font_container=&#8221;tag:h5|text_align:center&#8221; use_theme_fonts=&#8221;yes&#8221; css=&#8221;.vc_custom_1581694446262{margin-bottom: 10px !important;}&#8221; link=&#8221;url:https%3A%2F%2Fgoo.gl%2Fmaps%2FruCM8BpLJM8fns7R8||target:%20_blank|&#8221;][vc_column_text]<\/p>\n<p style=\"text-align: center;\"><a style=\"color: #999494;\" href=\"https:\/\/goo.gl\/maps\/ruCM8BpLJM8fns7R8\" target=\"_blank\" rel=\"noopener noreferrer\">Altay\u00e7e\u015fme Mah. \u00c7aml\u0131 Sok.Dap Royal Center D Blok No:16\/A K:7 D:26 Maltepe \/ \u0130STANBUL<\/a><\/p>\n<p>[\/vc_column_text][\/vc_column][\/vc_row][vc_row line=&#8221;right&#8221; css=&#8221;.vc_custom_1576530389592{padding-bottom: 140px !important;}&#8221;][vc_column width=&#8221;1\/2&#8243; offset=&#8221;vc_hidden-xs&#8221;][vc_custom_heading text=&#8221;Contact Us&#8221; use_theme_fonts=&#8221;yes&#8221;]<div role=\"form\" class=\"wpcf7\" id=\"wpcf7-f3009-o1\" lang=\"tr-TR\" dir=\"ltr\">\n<div class=\"screen-reader-response\"><p role=\"status\" aria-live=\"polite\" aria-atomic=\"true\"><\/p> <ul><\/ul><\/div>\n<form action=\"\/en\/wp-json\/wp\/v2\/pages\/3008\/#wpcf7-f3009-o1\" method=\"post\" class=\"wpcf7-form init\" novalidate=\"novalidate\" data-status=\"init\">\n<div style=\"display: none;\">\n<input type=\"hidden\" name=\"_wpcf7\" value=\"3009\" \/>\n<input type=\"hidden\" name=\"_wpcf7_version\" value=\"5.3\" \/>\n<input type=\"hidden\" name=\"_wpcf7_locale\" value=\"tr_TR\" \/>\n<input type=\"hidden\" name=\"_wpcf7_unit_tag\" value=\"wpcf7-f3009-o1\" \/>\n<input type=\"hidden\" name=\"_wpcf7_container_post\" value=\"0\" \/>\n<input type=\"hidden\" name=\"_wpcf7_posted_data_hash\" value=\"\" \/>\n<\/div>\n<div class=\"row\">\n<div class=\"col-md-4 col-sm-6\" style=\"width: 50% !important\">\n\t<span class=\"wpcf7-form-control-wrap your-name\"><input type=\"text\" name=\"your-name\" value=\"\" size=\"40\" class=\"wpcf7-form-control wpcf7-text wpcf7-validates-as-required contact-input\" aria-required=\"true\" aria-invalid=\"false\" placeholder=\"Name\" \/><\/span><br \/>\n\t<span class=\"wpcf7-form-control-wrap your-phone\"><input type=\"text\" name=\"your-phone\" value=\"\" size=\"40\" class=\"wpcf7-form-control wpcf7-text wpcf7-validates-as-required contact-input\" aria-required=\"true\" aria-invalid=\"false\" placeholder=\"Phone\" \/><\/span>\n<\/div>\n<div class=\"col-md-4 col-sm-6\" style=\"width: 50% !important\">\n\t<span class=\"wpcf7-form-control-wrap your-email\"><input type=\"email\" name=\"your-email\" value=\"\" size=\"40\" class=\"wpcf7-form-control wpcf7-text wpcf7-email wpcf7-validates-as-required wpcf7-validates-as-email contact-input\" aria-required=\"true\" aria-invalid=\"false\" placeholder=\"E-Mail\" \/><\/span><br \/>\n\t<span class=\"wpcf7-form-control-wrap your-subject\"><input type=\"text\" name=\"your-subject\" value=\"\" size=\"40\" class=\"wpcf7-form-control wpcf7-text contact-input\" aria-invalid=\"false\" placeholder=\"Subject\" \/><\/span>\n<\/div>\n<div class=\"clearfix\"><\/div>\n<div class=\"col-md-4 col-sm-6\"style=\"width: 100% !important; color: white !important\">\n\t<span class=\"wpcf7-form-control-wrap your-message\"><textarea name=\"your-message\" cols=\"40\" rows=\"3\" class=\"wpcf7-form-control wpcf7-textarea wpcf7-validates-as-required textarea-contact\" aria-required=\"true\" aria-invalid=\"false\" placeholder=\"Your Message\"><\/textarea><\/span>\n<\/div>\n<div class=\"clearfix\"><\/div>\n<div class=\"col-md-4 col-sm-6\" style=\"color: white !important;width: 100% !important\">\n<span class=\"wpcf7-form-control-wrap checkbox-535\"><span class=\"wpcf7-form-control wpcf7-checkbox wpcf7-validates-as-required\"><span class=\"wpcf7-list-item first last\"><input type=\"checkbox\" name=\"checkbox-535[]\" value=\"I confirm to the collection and use of my personal data.\" \/><span class=\"wpcf7-list-item-label\">I confirm to the collection and use of my personal data.<\/span><\/span><\/span><\/span>\n<\/div>\n<div class=\"clearfix\"><\/div>\n<div class=\"col-md-4 \">\n\t<button type=\"submit\" class=\"ot-btn border-dark btn-contact\">Send<\/button>\n<\/div>\n<\/div>\n<div class=\"wpcf7-response-output\" aria-hidden=\"true\"><\/div><\/form><\/div>[\/vc_column][vc_column width=&#8221;1\/2&#8243; css=&#8221;.vc_custom_1576530563565{margin-top: 100px !important;}&#8221; offset=&#8221;vc_hidden-xs&#8221;][vc_raw_html]JTNDaWZyYW1lJTIwc3JjJTNEJTIyaHR0cHMlM0ElMkYlMkZ3d3cuZ29vZ2xlLmNvbSUyRm1hcHMlMkZlbWJlZCUzRnBiJTNEJTIxMW0xNCUyMTFtOCUyMTFtMyUyMTFkMTA4MjQ2LjM0MDkzMTY2MTY2JTIxMmQyOS4xMjgxNDY5MzQxMDkyNTclMjEzZDQwLjk0NTUxNzQ2MzM1Mjg4JTIxM20yJTIxMWkxMDI0JTIxMmk3NjglMjE0ZjEzLjElMjEzbTMlMjExbTIlMjExczB4MCUyNTNBMHhjOWEyYWI0YTE4NjkwOGNlJTIxMnpRVlpPSUZsQlVFa2d4TEJPeFo0dUlGTkJUaTRnVmtVZ1ZNU3dReTRnVEZSRUxpREZubFRFc0M0JTIxNWUwJTIxM20yJTIxMXN0ciUyMTJzdHIlMjE0djE1Njk1OTE5OTI0MTUlMjE1bTIlMjExc3RyJTIxMnN0ciUyMiUyMHdpZHRoJTNEJTIyMTAwJTI1JTIyJTIwaGVpZ2h0JTNEJTIyNDUwJTIyJTIwZnJhbWVib3JkZXIlM0QlMjIwJTIyJTIwc3R5bGUlM0QlMjJib3JkZXIlM0EwJTNCJTIyJTIwYWxsb3dmdWxsc2NyZWVuJTNEJTIyJTIyJTNFJTNDJTJGaWZyYW1lJTNF[\/vc_raw_html][\/vc_column][\/vc_row][vc_row line=&#8221;right&#8221; css=&#8221;.vc_custom_1479282764300{padding-bottom: 140px !important;}&#8221;][vc_column width=&#8221;1\/2&#8243; offset=&#8221;vc_hidden-lg vc_hidden-md vc_hidden-sm&#8221;][vc_custom_heading text=&#8221;Contact Us&#8221; use_theme_fonts=&#8221;yes&#8221;]<div role=\"form\" class=\"wpcf7\" id=\"wpcf7-f3010-o2\" lang=\"tr-TR\" dir=\"ltr\">\n<div class=\"screen-reader-response\"><p role=\"status\" aria-live=\"polite\" aria-atomic=\"true\"><\/p> <ul><\/ul><\/div>\n<form action=\"\/en\/wp-json\/wp\/v2\/pages\/3008\/#wpcf7-f3010-o2\" method=\"post\" class=\"wpcf7-form init\" novalidate=\"novalidate\" data-status=\"init\">\n<div style=\"display: none;\">\n<input type=\"hidden\" name=\"_wpcf7\" value=\"3010\" \/>\n<input type=\"hidden\" name=\"_wpcf7_version\" value=\"5.3\" \/>\n<input type=\"hidden\" name=\"_wpcf7_locale\" value=\"tr_TR\" \/>\n<input type=\"hidden\" name=\"_wpcf7_unit_tag\" value=\"wpcf7-f3010-o2\" \/>\n<input type=\"hidden\" name=\"_wpcf7_container_post\" value=\"0\" \/>\n<input type=\"hidden\" name=\"_wpcf7_posted_data_hash\" value=\"\" \/>\n<\/div>\n<div class=\"row\">\n<div class=\"col-md-4 col-sm-6\" style=\"width: 100% !important\">\n\t<span class=\"wpcf7-form-control-wrap your-name\"><input type=\"text\" name=\"your-name\" value=\"\" size=\"40\" class=\"wpcf7-form-control wpcf7-text wpcf7-validates-as-required contact-input\" aria-required=\"true\" aria-invalid=\"false\" placeholder=\"Name\" \/><\/span><br \/>\n\t<span class=\"wpcf7-form-control-wrap your-phone\"><input type=\"text\" name=\"your-phone\" value=\"\" size=\"40\" class=\"wpcf7-form-control wpcf7-text wpcf7-validates-as-required contact-input\" aria-required=\"true\" aria-invalid=\"false\" placeholder=\"Phone\" \/><\/span>\n<\/div>\n<div class=\"col-md-4 col-sm-6\" style=\"width: 100% !important\">\n\t<span class=\"wpcf7-form-control-wrap your-email\"><input type=\"email\" name=\"your-email\" value=\"\" size=\"40\" class=\"wpcf7-form-control wpcf7-text wpcf7-email wpcf7-validates-as-required wpcf7-validates-as-email contact-input\" aria-required=\"true\" aria-invalid=\"false\" placeholder=\"E-Mail\" \/><\/span><br \/>\n\t<span class=\"wpcf7-form-control-wrap your-subject\"><input type=\"text\" name=\"your-subject\" value=\"\" size=\"40\" class=\"wpcf7-form-control wpcf7-text contact-input\" aria-invalid=\"false\" placeholder=\"Subject\" \/><\/span>\n<\/div>\n<div class=\"clearfix\"><\/div>\n<div class=\"col-md-4 col-sm-6\"style=\"width: 100% !important\">\n\t<span class=\"wpcf7-form-control-wrap your-message\"><textarea name=\"your-message\" cols=\"40\" rows=\"3\" class=\"wpcf7-form-control wpcf7-textarea wpcf7-validates-as-required textarea-contact\" aria-required=\"true\" aria-invalid=\"false\" placeholder=\"Your Message\"><\/textarea><\/span>\n<\/div>\n<div class=\"clearfix\"><\/div>\n<div class=\"col-md-4 col-sm-6\" style=\"color: white !important;width: 100% !important\">\n<span class=\"wpcf7-form-control-wrap checkbox-535\"><span class=\"wpcf7-form-control wpcf7-checkbox wpcf7-validates-as-required\"><span class=\"wpcf7-list-item first last\"><input type=\"checkbox\" name=\"checkbox-535[]\" value=\"I confirm to the collection and use of my personal data.\" \/><span class=\"wpcf7-list-item-label\">I confirm to the collection and use of my personal data.<\/span><\/span><\/span><\/span>\n<\/div>\n<div class=\"clearfix\"><\/div>\n<div class=\"col-md-4 \">\n\t<button type=\"submit\" class=\"ot-btn border-dark btn-contact\">Send<\/button>\n<\/div>\n<\/div>\n<div class=\"wpcf7-response-output\" aria-hidden=\"true\"><\/div><\/form><\/div>[\/vc_column][vc_column width=&#8221;1\/2&#8243; css=&#8221;.vc_custom_1576530571817{margin-top: 100px !important;}&#8221; offset=&#8221;vc_hidden-lg vc_hidden-md vc_hidden-sm&#8221;][vc_raw_html]JTNDaWZyYW1lJTIwc3JjJTNEJTIyaHR0cHMlM0ElMkYlMkZ3d3cuZ29vZ2xlLmNvbSUyRm1hcHMlMkZlbWJlZCUzRnBiJTNEJTIxMW0xNCUyMTFtOCUyMTFtMyUyMTFkMTA4MjQ2LjM0MDkzMTY2MTY2JTIxMmQyOS4xMjgxNDY5MzQxMDkyNTclMjEzZDQwLjk0NTUxNzQ2MzM1Mjg4JTIxM20yJTIxMWkxMDI0JTIxMmk3NjglMjE0ZjEzLjElMjEzbTMlMjExbTIlMjExczB4MCUyNTNBMHhjOWEyYWI0YTE4NjkwOGNlJTIxMnpRVlpPSUZsQlVFa2d4TEJPeFo0dUlGTkJUaTRnVmtVZ1ZNU3dReTRnVEZSRUxpREZubFRFc0M0JTIxNWUwJTIxM20yJTIxMXN0ciUyMTJzdHIlMjE0djE1Njk1OTE5OTI0MTUlMjE1bTIlMjExc3RyJTIxMnN0ciUyMiUyMHdpZHRoJTNEJTIyMTAwJTI1JTIyJTIwaGVpZ2h0JTNEJTIyNDUwJTIyJTIwZnJhbWVib3JkZXIlM0QlMjIwJTIyJTIwc3R5bGUlM0QlMjJib3JkZXIlM0EwJTNCJTIyJTIwYWxsb3dmdWxsc2NyZWVuJTNEJTIyJTIyJTNFJTNDJTJGaWZyYW1lJTNF[\/vc_raw_html][\/vc_column][\/vc_row]<\/p>\n","protected":false},"excerpt":{"rendered":"<p>[vc_row][vc_column width=&#8221;1\/3&#8243;][vc_custom_heading text=&#8221;Effective Working Culture&#8221; font_container=&#8221;tag:h4|text_align:center|line_height:32px&#8221; use_theme_fonts=&#8221;yes&#8221; css=&#8221;.vc_custom_1581694908162{padding-bottom: 50px !important;}&#8221; el_class=&#8221;iletisim-slogan&#8221;][vc_empty_space height=&#8221;10px&#8221;][\/vc_column][vc_column width=&#8221;1\/3&#8243;][vc_custom_heading text=&#8221;Analytical Working Monitoring System&#8221; font_container=&#8221;tag:h4|text_align:center|line_height:32px&#8221; use_theme_fonts=&#8221;yes&#8221; css=&#8221;.vc_custom_1581694916661{padding-bottom: 50px !important;}&#8221; el_class=&#8221;iletisim-slogan&#8221;][vc_empty_space height=&#8221;10px&#8221;][\/vc_column][vc_column width=&#8221;1\/3&#8243;][vc_custom_heading text=&#8221;Solution Oriented Action&#8221; font_container=&#8221;tag:h4|text_align:center|line_height:32px&#8221; use_theme_fonts=&#8221;yes&#8221; css=&#8221;.vc_custom_1581694924170{padding-bottom: 50px !important;}&#8221; el_class=&#8221;iletisim-slogan&#8221;][vc_empty_space height=&#8221;10px&#8221;][\/vc_column][\/vc_row][vc_row el_class=&#8221;lh-24&#8243; css=&#8221;.vc_custom_1578050114245{margin-top: -90px !important;padding-top: 20px !important;padding-bottom: 20px !important;}&#8221;][vc_column width=&#8221;1\/3&#8243; css=&#8221;.vc_custom_1578049946545{margin-top: 40px !important;}&#8221;][vc_single_image image=&#8221;2167&#8243; img_size=&#8221;full&#8221; alignment=&#8221;center&#8221; onclick=&#8221;custom_link&#8221; css=&#8221;.vc_custom_1581370157696{margin-top: -1px !important;margin-bottom: 30px [&hellip;]<\/p>\n","protected":false},"author":1,"featured_media":0,"parent":0,"menu_order":0,"comment_status":"closed","ping_status":"closed","template":"page-templates\/template-fullwidth.php","meta":[],"yoast_head":"<!-- This site is optimized with the Yoast SEO plugin v15.3 - https:\/\/yoast.com\/wordpress\/plugins\/seo\/ -->\n<title>Contact | AVN YAPI<\/title>\n<meta name=\"robots\" content=\"index, follow, max-snippet:-1, max-image-preview:large, max-video-preview:-1\" \/>\n<link rel=\"canonical\" href=\"https:\/\/www.avnyapi.com.tr\/en\/contact\/\" \/>\n<meta property=\"og:locale\" content=\"en_US\" \/>\n<meta property=\"og:type\" content=\"article\" \/>\n<meta property=\"og:title\" content=\"Contact | AVN YAPI\" \/>\n<meta property=\"og:description\" content=\"[vc_row][vc_column width=&#8221;1\/3&#8243;][vc_custom_heading text=&#8221;Effective Working Culture&#8221; font_container=&#8221;tag:h4|text_align:center|line_height:32px&#8221; use_theme_fonts=&#8221;yes&#8221; css=&#8221;.vc_custom_1581694908162{padding-bottom: 50px !important;}&#8221; el_class=&#8221;iletisim-slogan&#8221;][vc_empty_space height=&#8221;10px&#8221;][\/vc_column][vc_column width=&#8221;1\/3&#8243;][vc_custom_heading text=&#8221;Analytical Working Monitoring System&#8221; font_container=&#8221;tag:h4|text_align:center|line_height:32px&#8221; use_theme_fonts=&#8221;yes&#8221; css=&#8221;.vc_custom_1581694916661{padding-bottom: 50px !important;}&#8221; el_class=&#8221;iletisim-slogan&#8221;][vc_empty_space height=&#8221;10px&#8221;][\/vc_column][vc_column width=&#8221;1\/3&#8243;][vc_custom_heading text=&#8221;Solution Oriented Action&#8221; font_container=&#8221;tag:h4|text_align:center|line_height:32px&#8221; use_theme_fonts=&#8221;yes&#8221; css=&#8221;.vc_custom_1581694924170{padding-bottom: 50px !important;}&#8221; el_class=&#8221;iletisim-slogan&#8221;][vc_empty_space height=&#8221;10px&#8221;][\/vc_column][\/vc_row][vc_row el_class=&#8221;lh-24&#8243; css=&#8221;.vc_custom_1578050114245{margin-top: -90px !important;padding-top: 20px !important;padding-bottom: 20px !important;}&#8221;][vc_column width=&#8221;1\/3&#8243; css=&#8221;.vc_custom_1578049946545{margin-top: 40px !important;}&#8221;][vc_single_image image=&#8221;2167&#8243; img_size=&#8221;full&#8221; alignment=&#8221;center&#8221; onclick=&#8221;custom_link&#8221; css=&#8221;.vc_custom_1581370157696{margin-top: -1px !important;margin-bottom: 30px [&hellip;]\" \/>\n<meta property=\"og:url\" content=\"https:\/\/www.avnyapi.com.tr\/en\/contact\/\" \/>\n<meta property=\"og:site_name\" content=\"AVN YAPI\" \/>\n<meta property=\"article:modified_time\" content=\"2020-02-14T15:42:08+00:00\" \/>\n<meta name=\"twitter:card\" content=\"summary_large_image\" \/>\n<meta name=\"twitter:label1\" content=\"Written by\">\n\t<meta name=\"twitter:data1\" content=\"admin\">\n\t<meta name=\"twitter:label2\" content=\"Est. reading time\">\n\t<meta name=\"twitter:data2\" content=\"3 minutes\">\n<script type=\"application\/ld+json\" class=\"yoast-schema-graph\">{\"@context\":\"https:\/\/schema.org\",\"@graph\":[{\"@type\":\"Organization\",\"@id\":\"https:\/\/www.avnyapi.com.tr\/#organization\",\"name\":\"AVN YAPI\",\"url\":\"https:\/\/www.avnyapi.com.tr\/\",\"sameAs\":[],\"logo\":{\"@type\":\"ImageObject\",\"@id\":\"https:\/\/www.avnyapi.com.tr\/#logo\",\"inLanguage\":\"en-US\",\"url\":\"https:\/\/www.avnyapi.com.tr\/wp-content\/uploads\/2020\/01\/avn-logo-hover.png\",\"width\":323,\"height\":88,\"caption\":\"AVN YAPI\"},\"image\":{\"@id\":\"https:\/\/www.avnyapi.com.tr\/#logo\"}},{\"@type\":\"WebSite\",\"@id\":\"https:\/\/www.avnyapi.com.tr\/#website\",\"url\":\"https:\/\/www.avnyapi.com.tr\/\",\"name\":\"AVN YAPI\",\"description\":\"Etkin Analitik \\u00c7\\u00f6z\\u00fcm\",\"publisher\":{\"@id\":\"https:\/\/www.avnyapi.com.tr\/#organization\"},\"potentialAction\":[{\"@type\":\"SearchAction\",\"target\":\"https:\/\/www.avnyapi.com.tr\/?s={search_term_string}\",\"query-input\":\"required name=search_term_string\"}],\"inLanguage\":\"en-US\"},{\"@type\":\"WebPage\",\"@id\":\"https:\/\/www.avnyapi.com.tr\/en\/contact\/#webpage\",\"url\":\"https:\/\/www.avnyapi.com.tr\/en\/contact\/\",\"name\":\"Contact | AVN YAPI\",\"isPartOf\":{\"@id\":\"https:\/\/www.avnyapi.com.tr\/#website\"},\"datePublished\":\"2020-02-14T15:39:04+00:00\",\"dateModified\":\"2020-02-14T15:42:08+00:00\",\"inLanguage\":\"en-US\",\"potentialAction\":[{\"@type\":\"ReadAction\",\"target\":[\"https:\/\/www.avnyapi.com.tr\/en\/contact\/\"]}]}]}<\/script>\n<!-- \/ Yoast SEO plugin. -->","_links":{"self":[{"href":"https:\/\/www.avnyapi.com.tr\/en\/wp-json\/wp\/v2\/pages\/3008\/"}],"collection":[{"href":"https:\/\/www.avnyapi.com.tr\/en\/wp-json\/wp\/v2\/pages\/"}],"about":[{"href":"https:\/\/www.avnyapi.com.tr\/en\/wp-json\/wp\/v2\/types\/page\/"}],"author":[{"embeddable":true,"href":"https:\/\/www.avnyapi.com.tr\/en\/wp-json\/wp\/v2\/users\/1\/"}],"replies":[{"embeddable":true,"href":"https:\/\/www.avnyapi.com.tr\/en\/wp-json\/wp\/v2\/comments\/?post=3008"}],"version-history":[{"count":0,"href":"https:\/\/www.avnyapi.com.tr\/en\/wp-json\/wp\/v2\/pages\/3008\/revisions\/"}],"wp:attachment":[{"href":"https:\/\/www.avnyapi.com.tr\/en\/wp-json\/wp\/v2\/media\/?parent=3008"}],"curies":[{"name":"wp","href":"https:\/\/api.w.org\/{rel}","templated":true}]}}